{"id":1909,"date":"2025-03-06T20:15:37","date_gmt":"2025-03-06T20:15:37","guid":{"rendered":"https:\/\/amigos-transport.si\/?page_id=1909"},"modified":"2025-03-19T11:12:45","modified_gmt":"2025-03-19T11:12:45","slug":"logistika","status":"publish","type":"page","link":"https:\/\/amigos-transport.si\/index.php\/logistika\/","title":{"rendered":"Logistika"},"content":{"rendered":"<div class=\"wpb-content-wrapper\"><p>[vc_row full_width=&#8221;stretch_row&#8221; css=&#8221;.vc_custom_1741290636118{padding-top: 80px !important;padding-bottom: 40px !important;}&#8221;][vc_column width=&#8221;1\/3&#8243; css=&#8221;.vc_custom_1449138333656{margin-bottom: 40px !important;}&#8221;][vc_column_text css=&#8221;&#8221;]<\/p>\n<h2>Skladi\u0161\u010denje &#8211; 1000 paletnih mest<\/h2>\n<p>[\/vc_column_text][vc_column_text css=&#8221;.vc_custom_1741337146600{margin-bottom: 35px !important;}&#8221;]<\/p>\n<p style=\"text-align: justify;\">Poleg zanesljivega transporta vam nudimo tudi celovito logisti\u010dno re\u0161itev s skladi\u0161\u010denjem. Na\u0161a sodobna skladi\u0161\u010da omogo\u010dajo shranjevanje do 1000 paletnih mest, kar zagotavlja optimalno varnost in urejenost va\u0161ega blaga. Z dobro organiziranim skladi\u0161\u010denjem vam omogo\u010damo ve\u010djo fleksibilnost pri dobavah, hitrej\u0161o distribucijo in optimizacijo logisti\u010dnih procesov.<\/p>\n<p>[\/vc_column_text][\/vc_column][vc_column width=&#8221;2\/3&#8243; css=&#8221;.vc_custom_1449138338600{margin-bottom: 40px !important;}&#8221;][stm_image_gallery gallery_width=&#8221;&#8221; img_size=&#8221;1000&#215;700&#8243; autoplay=&#8221;yes&#8221; loop=&#8221;yes&#8221; images=&#8221;1980,1981&#8243;][\/vc_column][\/vc_row][vc_row full_width=&#8221;stretch_row_content_no_spaces&#8221; el_class=&#8221;secondary_bg_color convert_to_table services_icons&#8221; css=&#8221;.vc_custom_1742039860121{margin-bottom: 0px !important;background-image: url(https:\/\/amigos-transport.si\/wp-content\/uploads\/2025\/03\/Amigos-Transport-Logistika-5.png?id=2116) !important;background-position: center !important;background-repeat: no-repeat !important;background-size: cover !important;}&#8221;][vc_column css=&#8221;.vc_custom_1449204255225{padding-top: 75px !important;padding-right: 115px !important;padding-bottom: 75px !important;padding-left: 115px !important;}&#8221; offset=&#8221;vc_col-lg-4 vc_col-md-4&#8243;][stm_icon icon_size=&#8221;67&#8243; icon_height=&#8221;90&#8243; title_font_size=&#8221;24&#8243; title_font_weight=&#8221;700&#8243; align=&#8221;center&#8221; icon=&#8221;stm-people-in-team-old&#8221; title=&#8221;Osebni pristop&#8221; text=&#8221;Vsaka stranka je za nas pomembna. Prisluhnemo va\u0161im potrebam in ponudimo re\u0161itve, ki najbolje ustrezajo va\u0161emu poslovanj.&#8221; icon_color=&#8221;#ffffff&#8221; title_color=&#8221;#ffffff&#8221; text_color=&#8221;#ffffff&#8221;][\/vc_column][vc_column css=&#8221;.vc_custom_1742039731594{padding-top: 75px !important;padding-right: 115px !important;padding-bottom: 75px !important;padding-left: 115px !important;}&#8221; offset=&#8221;vc_col-lg-4 vc_col-md-4&#8243;][stm_icon icon_size=&#8221;67&#8243; icon_height=&#8221;90&#8243; title_font_size=&#8221;24&#8243; title_font_weight=&#8221;700&#8243; align=&#8221;center&#8221; icon=&#8221;stm-security&#8221; title=&#8221;Zanesljivost&#8221; text=&#8221;Va\u0161 tovor je v varnih rokah. Na\u0161a ekipa izku\u0161enih voznikov in logisti\u010dnih strokovnjakov zagotavlja pravo\u010dasne in brezhibne prevoze.&#8221; icon_color=&#8221;#ffffff&#8221; title_color=&#8221;#ffffff&#8221; text_color=&#8221;#ffffff&#8221;][\/vc_column][vc_column css=&#8221;.vc_custom_1742039746583{padding-top: 75px !important;padding-right: 115px !important;padding-bottom: 80px !important;padding-left: 115px !important;}&#8221; offset=&#8221;vc_col-lg-4 vc_col-md-4&#8243;][stm_icon icon_size=&#8221;67&#8243; icon_height=&#8221;90&#8243; title_font_size=&#8221;24&#8243; title_font_weight=&#8221;700&#8243; align=&#8221;center&#8221; icon=&#8221;stm-packaging-and-storage&#8221; title=&#8221;Celovita logisti\u010dna podpora&#8221; text=&#8221;Poleg transporta nudimo tudi skladi\u0161\u010denje, pretovore in organizacijo prevozov po vsej Evropi.&#8221; icon_color=&#8221;#ffffff&#8221; title_color=&#8221;#ffffff&#8221; text_color=&#8221;#ffffff&#8221;][\/vc_column][\/vc_row][vc_row full_width=&#8221;stretch_row&#8221; css=&#8221;.vc_custom_1741290636118{padding-top: 80px !important;padding-bottom: 40px !important;}&#8221;][vc_column width=&#8221;1\/3&#8243; css=&#8221;.vc_custom_1449138333656{margin-bottom: 40px !important;}&#8221;][vc_column_text css=&#8221;&#8221;]<\/p>\n<h2>Zanesljiv partner v logistiki &#8211; z vami na poti \u017ee ve\u010d kot 20 let<\/h2>\n<p>[\/vc_column_text][\/vc_column][vc_column width=&#8221;2\/3&#8243; css=&#8221;.vc_custom_1449138338600{margin-bottom: 40px !important;}&#8221;][vc_column_text css=&#8221;.vc_custom_1741338345466{margin-top: 40px !important;}&#8221;]<\/p>\n<p style=\"text-align: justify;\">V transportu in logistiki \u0161tejejo hitrost, natan\u010dnost in zanesljivost, a pri nas verjamemo, da je osebni pristop tisto, kar naredi razliko. \u017de ve\u010d kot 20 let skrbimo za varne, u\u010dinkovite in prilagojene re\u0161itve, ki izpolnjujejo pri\u010dakovanja na\u0161ih strank.<\/p>\n<p style=\"text-align: justify;\">Na\u0161a vizija je preprosta \u2013 nuditi kakovostne storitve, ki temeljijo na zaupanju, strokovnosti in partnerskem odnosu. Ko izberete nas, ne dobite le prevoznika, ampak zanesljivega logisti\u010dnega partnerja, ki vam stoji ob strani in skrbi za va\u0161 tovor na vsakem koraku.<\/p>\n<p>[\/vc_column_text][\/vc_column][\/vc_row][vc_row full_width=&#8221;stretch_row&#8221; equal_height=&#8221;yes&#8221; content_placement=&#8221;middle&#8221; el_class=&#8221;convert_to_table overlay&#8221; css=&#8221;.vc_custom_1742040073684{background-image: url(https:\/\/amigos-transport.si\/wp-content\/uploads\/2025\/03\/Amigos-Transport-Transport-bann.png?id=2297) !important;background-position: center !important;background-repeat: no-repeat !important;background-size: cover !important;}&#8221;][vc_column css=&#8221;.vc_custom_1450330273622{padding-top: 60px !important;padding-right: 0px !important;padding-bottom: 60px !important;}&#8221;][vc_row_inner][vc_column_inner][vc_cta h2=&#8221;&#8221; h4=&#8221;Skupaj bomo na\u0161li najbolj\u0161o re\u0161itev za va\u0161e potrebe!&#8221; txt_align=&#8221;center&#8221; color=&#8221;white&#8221; add_button=&#8221;bottom&#8221; btn_title=&#8221;Kontakt&#8221; btn_style=&#8221;outline&#8221; btn_shape=&#8221;round&#8221; btn_color=&#8221;theme_style_2&#8243; btn_align=&#8221;center&#8221; btn_i_align=&#8221;right&#8221; btn_i_icon_fontawesome=&#8221;stm-arrow-next&#8221; css=&#8221;.vc_custom_1741608977160{background-color: rgba(0,0,0,0.01) !important;*background-color: rgb(0,0,0) !important;border-color: rgba(255,255,255,0.02) !important;}&#8221; btn_add_icon=&#8221;true&#8221; btn_link=&#8221;url:https%3A%2F%2Famigos-transport.si%2Findex.php%2Fkontakt%2F|title:Kontakt&#8221;]<\/p>\n<h2 style=\"text-align: center;\"><span style=\"color: #ffffff;\">KONTAKTIRAJTE NAS<\/span><\/h2>\n<p>[\/vc_cta][\/vc_column_inner][\/vc_row_inner][\/vc_column][\/vc_row]<\/p>\n<\/div>","protected":false},"excerpt":{"rendered":"<p>[vc_row full_width=&#8221;stretch_row&#8221; css=&#8221;.vc_custom_1741290636118{padding-top: 80px !important;padding-bottom: 40px !important;}&#8221;][vc_column width=&#8221;1\/3&#8243; css=&#8221;.vc_custom_1449138333656{margin-bottom: 40px !important;}&#8221;][vc_column_text css=&#8221;&#8221;] Skladi\u0161\u010denje &#8211; 1000 paletnih mest [\/vc_column_text][vc_column_text css=&#8221;.vc_custom_1741337146600{margin-bottom: 35px !important;}&#8221;] Poleg zanesljivega transporta vam nudimo tudi celovito logisti\u010dno re\u0161itev s skladi\u0161\u010denjem. Na\u0161a&#8230;<\/p>\n","protected":false},"author":1,"featured_media":0,"parent":0,"menu_order":0,"comment_status":"closed","ping_status":"closed","template":"","meta":{"footnotes":""},"class_list":["post-1909","page","type-page","status-publish","hentry"],"yoast_head":"<!-- This site is optimized with the Yoast SEO plugin v27.5 - https:\/\/yoast.com\/product\/yoast-seo-wordpress\/ -->\n<title>Logistika - Amigos Transport<\/title>\n<meta name=\"description\" content=\"Poleg zanesljivega transporta vam nudimo tudi celovito logisti\u010dno re\u0161itev s skladi\u0161\u010denjem do 1000 paletnih mest.\" \/>\n<meta name=\"robots\" content=\"index, follow, max-snippet:-1, max-image-preview:large, max-video-preview:-1\" \/>\n<link rel=\"canonical\" href=\"https:\/\/amigos-transport.si\/index.php\/logistika\/\" \/>\n<meta property=\"og:locale\" content=\"sl_SI\" \/>\n<meta property=\"og:type\" content=\"article\" \/>\n<meta property=\"og:title\" content=\"Logistika - Amigos Transport\" \/>\n<meta property=\"og:description\" content=\"Poleg zanesljivega transporta vam nudimo tudi celovito logisti\u010dno re\u0161itev s skladi\u0161\u010denjem do 1000 paletnih mest.\" \/>\n<meta property=\"og:url\" content=\"https:\/\/amigos-transport.si\/index.php\/logistika\/\" \/>\n<meta property=\"og:site_name\" content=\"Amigos Transport\" \/>\n<meta property=\"article:modified_time\" content=\"2025-03-19T11:12:45+00:00\" \/>\n<meta name=\"twitter:card\" content=\"summary_large_image\" \/>\n<meta name=\"twitter:label1\" content=\"Est. reading time\" \/>\n\t<meta name=\"twitter:data1\" content=\"3 minute\" \/>\n<script type=\"application\/ld+json\" class=\"yoast-schema-graph\">{\"@context\":\"https:\\\/\\\/schema.org\",\"@graph\":[{\"@type\":\"WebPage\",\"@id\":\"https:\\\/\\\/amigos-transport.si\\\/index.php\\\/logistika\\\/\",\"url\":\"https:\\\/\\\/amigos-transport.si\\\/index.php\\\/logistika\\\/\",\"name\":\"Logistika - Amigos Transport\",\"isPartOf\":{\"@id\":\"https:\\\/\\\/amigos-transport.si\\\/#website\"},\"datePublished\":\"2025-03-06T20:15:37+00:00\",\"dateModified\":\"2025-03-19T11:12:45+00:00\",\"description\":\"Poleg zanesljivega transporta vam nudimo tudi celovito logisti\u010dno re\u0161itev s skladi\u0161\u010denjem do 1000 paletnih mest.\",\"breadcrumb\":{\"@id\":\"https:\\\/\\\/amigos-transport.si\\\/index.php\\\/logistika\\\/#breadcrumb\"},\"inLanguage\":\"sl-SI\",\"potentialAction\":[{\"@type\":\"ReadAction\",\"target\":[\"https:\\\/\\\/amigos-transport.si\\\/index.php\\\/logistika\\\/\"]}]},{\"@type\":\"BreadcrumbList\",\"@id\":\"https:\\\/\\\/amigos-transport.si\\\/index.php\\\/logistika\\\/#breadcrumb\",\"itemListElement\":[{\"@type\":\"ListItem\",\"position\":1,\"name\":\"Home\",\"item\":\"https:\\\/\\\/amigos-transport.si\\\/\"},{\"@type\":\"ListItem\",\"position\":2,\"name\":\"Logistika\"}]},{\"@type\":\"WebSite\",\"@id\":\"https:\\\/\\\/amigos-transport.si\\\/#website\",\"url\":\"https:\\\/\\\/amigos-transport.si\\\/\",\"name\":\"Amigos Transport\",\"description\":\"Celovita logisti\u010dna storitev\",\"potentialAction\":[{\"@type\":\"SearchAction\",\"target\":{\"@type\":\"EntryPoint\",\"urlTemplate\":\"https:\\\/\\\/amigos-transport.si\\\/?s={search_term_string}\"},\"query-input\":{\"@type\":\"PropertyValueSpecification\",\"valueRequired\":true,\"valueName\":\"search_term_string\"}}],\"inLanguage\":\"sl-SI\"}]}<\/script>\n<!-- \/ Yoast SEO plugin. -->","yoast_head_json":{"title":"Logistika - Amigos Transport","description":"Poleg zanesljivega transporta vam nudimo tudi celovito logisti\u010dno re\u0161itev s skladi\u0161\u010denjem do 1000 paletnih mest.","robots":{"index":"index","follow":"follow","max-snippet":"max-snippet:-1","max-image-preview":"max-image-preview:large","max-video-preview":"max-video-preview:-1"},"canonical":"https:\/\/amigos-transport.si\/index.php\/logistika\/","og_locale":"sl_SI","og_type":"article","og_title":"Logistika - Amigos Transport","og_description":"Poleg zanesljivega transporta vam nudimo tudi celovito logisti\u010dno re\u0161itev s skladi\u0161\u010denjem do 1000 paletnih mest.","og_url":"https:\/\/amigos-transport.si\/index.php\/logistika\/","og_site_name":"Amigos Transport","article_modified_time":"2025-03-19T11:12:45+00:00","twitter_card":"summary_large_image","twitter_misc":{"Est. reading time":"3 minute"},"schema":{"@context":"https:\/\/schema.org","@graph":[{"@type":"WebPage","@id":"https:\/\/amigos-transport.si\/index.php\/logistika\/","url":"https:\/\/amigos-transport.si\/index.php\/logistika\/","name":"Logistika - Amigos Transport","isPartOf":{"@id":"https:\/\/amigos-transport.si\/#website"},"datePublished":"2025-03-06T20:15:37+00:00","dateModified":"2025-03-19T11:12:45+00:00","description":"Poleg zanesljivega transporta vam nudimo tudi celovito logisti\u010dno re\u0161itev s skladi\u0161\u010denjem do 1000 paletnih mest.","breadcrumb":{"@id":"https:\/\/amigos-transport.si\/index.php\/logistika\/#breadcrumb"},"inLanguage":"sl-SI","potentialAction":[{"@type":"ReadAction","target":["https:\/\/amigos-transport.si\/index.php\/logistika\/"]}]},{"@type":"BreadcrumbList","@id":"https:\/\/amigos-transport.si\/index.php\/logistika\/#breadcrumb","itemListElement":[{"@type":"ListItem","position":1,"name":"Home","item":"https:\/\/amigos-transport.si\/"},{"@type":"ListItem","position":2,"name":"Logistika"}]},{"@type":"WebSite","@id":"https:\/\/amigos-transport.si\/#website","url":"https:\/\/amigos-transport.si\/","name":"Amigos Transport","description":"Celovita logisti\u010dna storitev","potentialAction":[{"@type":"SearchAction","target":{"@type":"EntryPoint","urlTemplate":"https:\/\/amigos-transport.si\/?s={search_term_string}"},"query-input":{"@type":"PropertyValueSpecification","valueRequired":true,"valueName":"search_term_string"}}],"inLanguage":"sl-SI"}]}},"_links":{"self":[{"href":"https:\/\/amigos-transport.si\/index.php\/wp-json\/wp\/v2\/pages\/1909","targetHints":{"allow":["GET"]}}],"collection":[{"href":"https:\/\/amigos-transport.si\/index.php\/wp-json\/wp\/v2\/pages"}],"about":[{"href":"https:\/\/amigos-transport.si\/index.php\/wp-json\/wp\/v2\/types\/page"}],"author":[{"embeddable":true,"href":"https:\/\/amigos-transport.si\/index.php\/wp-json\/wp\/v2\/users\/1"}],"replies":[{"embeddable":true,"href":"https:\/\/amigos-transport.si\/index.php\/wp-json\/wp\/v2\/comments?post=1909"}],"version-history":[{"count":88,"href":"https:\/\/amigos-transport.si\/index.php\/wp-json\/wp\/v2\/pages\/1909\/revisions"}],"predecessor-version":[{"id":2427,"href":"https:\/\/amigos-transport.si\/index.php\/wp-json\/wp\/v2\/pages\/1909\/revisions\/2427"}],"wp:attachment":[{"href":"https:\/\/amigos-transport.si\/index.php\/wp-json\/wp\/v2\/media?parent=1909"}],"curies":[{"name":"wp","href":"https:\/\/api.w.org\/{rel}","templated":true}]}}